{"id":28,"date":"2025-03-28T11:39:16","date_gmt":"2025-03-28T10:39:16","guid":{"rendered":"https:\/\/www.somorrostro.com\/oppc\/?page_id=28"},"modified":"2025-03-28T12:07:35","modified_gmt":"2025-03-28T11:07:35","slug":"proteccion-y-veracidad-de-los-datos","status":"publish","type":"page","link":"https:\/\/www.somorrostro.com\/oppc\/proteccion-y-veracidad-de-los-datos\/","title":{"rendered":"Protecci\u00f3n y veracidad de los datos"},"content":{"rendered":"\n<h1 class=\"wp-block-heading\">Relativo a la protecci\u00f3n (RGPD) y veracidad de los datos aportados en la fase de inscripci\u00f3n<\/h1>\n\n\n\n<p>En el momento de realizar la inscripci\u00f3n se deber\u00e1n aceptar los t\u00e9rminos relativos al Reglamento General de Protecci\u00f3n de Datos (RGPD) y a la <strong>veracidad de los datos y documentos aportados.<\/strong><\/p>\n\n\n\n<h3 class=\"wp-block-heading\">PROTECCI\u00d3N DE DATOS<\/h3>\n\n\n\n<p>De conformidad con la normativa vigente de Protecci\u00f3n de Datos (Reglamento General de Protecci\u00f3n de Datos Personales, 2016\/679, de 27 de abril de 2016 y Ley Org\u00e1nica 3\/2018, de 5 de diciembre, de Protecci\u00f3n de Datos Personales y garant\u00eda de los derechos digitales), le informamos que los datos de car\u00e1cter personal que nos facilite a trav\u00e9s de esta aplicaci\u00f3n ser\u00e1n tratados por cuenta del CENTRO DE FORMACI\u00d3N SOMORROSTRO, quien act\u00faa como RESPONSABLE del tratamiento. <br><br>FINALIDAD DEL TRATAMIENTO: realizar una selecci\u00f3n de candidato\/as para el Curso de Operador\/a de Planta de Proceso Continuo (OPPC). <br><br>LEGITIMACI\u00d3N: el consentimiento de la persona que presenta su candidatura. <br><br>DESTINATARIOS: los datos proporcionados podr\u00e1n ser cedidos a Petr\u00f3leos del Norte, S.A. y, en su caso, a la empresa encargada de valorar las distintas candidaturas al curso en cuesti\u00f3n. No se ceder\u00e1n datos a ning\u00fan otro tercero, salvo obligaci\u00f3n legal. <br><br>CONSERVACI\u00d3N DE LOS DATOS: los datos personales proporcionados se conservar\u00e1n mientras no se solicite su supresi\u00f3n por el interesado. <br><br>DERECHOS: Tiene derecho a acceder, rectificar y suprimir los datos, as\u00ed como otros derechos, cuyo detalle se incluye en la informaci\u00f3n adicional. <br><br>INFORMACI\u00d3N ADICIONAL: Puede consultar la informaci\u00f3n completa sobre nuestra pol\u00edtica de privacidad en: <a href=\"https:\/\/www.somorrostro.com\/politica-cookies\/\" target=\"_blank\" rel=\"noopener\">\u00abhttps:\/\/www.somorrostro.com\/politica-cookies\/\u00bb<\/a>. <br><br><\/p>\n\n\n\n<h3 class=\"wp-block-heading\">VERACIDAD DE LOS DATOS Y DOCUMENTOS APORTADOS<\/h3>\n\n\n\n<p><strong>La persona inscrita se responsabiliza de la veracidad<\/strong> de los datos y de la documentaci\u00f3n que aporta, asumiendo, en su caso, las responsabilidades que pudieran derivarse de las inexactitudes o contrariedades detectadas. <br><br><strong>La falsedad de los datos aportados o la ausencia de determinados datos o defectos de forma de cualquiera de los documentos solicitados supondr\u00e1n la invalidez de la inscripci\u00f3n.<\/strong> <\/p>\n","protected":false},"excerpt":{"rendered":"<p>Relativo a la protecci\u00f3n (RGPD) y veracidad de los datos aportados en la fase de inscripci\u00f3n En el momento de realizar la inscripci\u00f3n se deber\u00e1n aceptar los t\u00e9rminos relativos al Reglamento General de Protecci\u00f3n de Datos (RGPD) y a la veracidad de los datos y documentos aportados. PROTECCI\u00d3N DE DATOS De conformidad con la normativa [&hellip;]<\/p>\n","protected":false},"author":1,"featured_media":0,"parent":0,"menu_order":0,"comment_status":"closed","ping_status":"closed","template":"","meta":{"_acf_changed":false,"footnotes":""},"class_list":["post-28","page","type-page","status-publish","hentry"],"acf":[],"_links":{"self":[{"href":"https:\/\/www.somorrostro.com\/oppc\/wp-json\/wp\/v2\/pages\/28","targetHints":{"allow":["GET"]}}],"collection":[{"href":"https:\/\/www.somorrostro.com\/oppc\/wp-json\/wp\/v2\/pages"}],"about":[{"href":"https:\/\/www.somorrostro.com\/oppc\/wp-json\/wp\/v2\/types\/page"}],"author":[{"embeddable":true,"href":"https:\/\/www.somorrostro.com\/oppc\/wp-json\/wp\/v2\/users\/1"}],"replies":[{"embeddable":true,"href":"https:\/\/www.somorrostro.com\/oppc\/wp-json\/wp\/v2\/comments?post=28"}],"version-history":[{"count":2,"href":"https:\/\/www.somorrostro.com\/oppc\/wp-json\/wp\/v2\/pages\/28\/revisions"}],"predecessor-version":[{"id":40,"href":"https:\/\/www.somorrostro.com\/oppc\/wp-json\/wp\/v2\/pages\/28\/revisions\/40"}],"wp:attachment":[{"href":"https:\/\/www.somorrostro.com\/oppc\/wp-json\/wp\/v2\/media?parent=28"}],"curies":[{"name":"wp","href":"https:\/\/api.w.org\/{rel}","templated":true}]}}