{"id":26,"date":"2025-03-28T11:38:59","date_gmt":"2025-03-28T10:38:59","guid":{"rendered":"https:\/\/www.somorrostro.com\/oppc\/?page_id=26"},"modified":"2025-03-29T01:25:47","modified_gmt":"2025-03-29T00:25:47","slug":"contenidos-del-curso","status":"publish","type":"page","link":"https:\/\/www.somorrostro.com\/oppc\/contenidos-del-curso\/","title":{"rendered":"Contenidos del curso"},"content":{"rendered":"\n<h2 class=\"wp-block-heading\">OBJETIVOS FORMATIVOS<\/h2>\n\n\n\n<div class=\"wp-block-columns alignwide is-layout-flex wp-container-core-columns-is-layout-28f84493 wp-block-columns-is-layout-flex\">\n<div class=\"wp-block-column is-vertically-aligned-center is-layout-flow wp-block-column-is-layout-flow\" style=\"flex-basis:33.33%\">\n<p class=\"has-text-align-center\">Preparar futuros <br>operadores\/as<\/p>\n\n\n\n<figure class=\"wp-block-image aligncenter size-full\"><img loading=\"lazy\" decoding=\"async\" width=\"94\" height=\"99\" src=\"https:\/\/www.somorrostro.com\/oppc\/wp-content\/uploads\/2025\/03\/casco.jpg\" alt=\"\" class=\"wp-image-57\"\/><\/figure>\n\n\n\n<div class=\"wp-block-columns is-layout-flex wp-container-core-columns-is-layout-28f84493 wp-block-columns-is-layout-flex\">\n<div class=\"wp-block-column is-layout-flow wp-block-column-is-layout-flow\" style=\"flex-basis:25%\"><\/div>\n\n\n\n<div class=\"wp-block-column is-layout-flow wp-block-column-is-layout-flow\" style=\"flex-basis:50%\"><\/div>\n\n\n\n<div class=\"wp-block-column is-layout-flow wp-block-column-is-layout-flow\" style=\"flex-basis:25%\"><\/div>\n<\/div>\n<\/div>\n\n\n\n<div class=\"wp-block-column is-layout-flow wp-block-column-is-layout-flow\">\n<p><\/p>\n\n\n\n<div class=\"wp-block-columns are-vertically-aligned-center pb-3 bg-claro is-layout-flex wp-container-core-columns-is-layout-28f84493 wp-block-columns-is-layout-flex\">\n<div class=\"wp-block-column is-vertically-aligned-center is-layout-flow wp-block-column-is-layout-flow\">\n<h2 class=\"wp-block-heading\"><strong>Conocimientos<\/strong><\/h2>\n\n\n\n<p>Saber<\/p>\n<\/div>\n\n\n\n<div class=\"wp-block-column is-vertically-aligned-center is-layout-flow wp-block-column-is-layout-flow\">\n<p>Competencias t\u00e9cnicas<\/p>\n\n\n\n<p>Competencias de seguridad<\/p>\n\n\n\n<p>Competencias medioambientales<\/p>\n<\/div>\n<\/div>\n\n\n\n<div class=\"wp-block-columns are-vertically-aligned-center pb-4 bg-claro is-layout-flex wp-container-core-columns-is-layout-28f84493 wp-block-columns-is-layout-flex\">\n<div class=\"wp-block-column is-vertically-aligned-center is-layout-flow wp-block-column-is-layout-flow\">\n<h2 class=\"wp-block-heading\"><strong>Habilidades<\/strong><\/h2>\n\n\n\n<p>Saber hacer<\/p>\n<\/div>\n\n\n\n<div class=\"wp-block-column is-vertically-aligned-center is-layout-flow wp-block-column-is-layout-flow\">\n<p>Maniobras de equipos\/proceso<\/p>\n\n\n\n<p>Procedimientos de seguridad<\/p>\n\n\n\n<p>Maniobras medioambientales sostenibles<\/p>\n<\/div>\n<\/div>\n\n\n\n<div class=\"wp-block-columns are-vertically-aligned-center bg-claro is-layout-flex wp-container-core-columns-is-layout-28f84493 wp-block-columns-is-layout-flex\">\n<div class=\"wp-block-column is-vertically-aligned-center is-layout-flow wp-block-column-is-layout-flow\">\n<h2 class=\"wp-block-heading\"><strong>Actitudes<\/strong><\/h2>\n\n\n\n<p>Querer hacer<\/p>\n<\/div>\n\n\n\n<div class=\"wp-block-column is-vertically-aligned-center is-layout-flow wp-block-column-is-layout-flow\">\n<p><\/p>\n\n\n\n<p>Cultura y responsabilidad<\/p>\n\n\n\n<p><\/p>\n<\/div>\n<\/div>\n<\/div>\n<\/div>\n\n\n\n<h2 class=\"wp-block-heading mt-5\">ESTRUCTURA FORMATIVA<\/h2>\n\n\n\n<div class=\"wp-block-columns mt-2 is-layout-flex wp-container-core-columns-is-layout-28f84493 wp-block-columns-is-layout-flex\">\n<div class=\"wp-block-column mt-4 is-layout-flow wp-block-column-is-layout-flow\">\n<p>Seguridad y medio ambiente<br>Termodin\u00e1mica<br>Generaci\u00f3n de energ\u00eda<br>Eficiencia energ\u00e9tica<\/p>\n\n\n\n<p><\/p>\n<\/div>\n\n\n\n<div class=\"wp-block-column mt-4 is-layout-flow wp-block-column-is-layout-flow\">\n<p>Conocimientos t\u00e9cnicos de equipos y aplicaciones<br>Seguridad en plantas de proceso continuo<br>Operaci\u00f3n de equipos e instalaciones de procesos continuos<br>Practicas de todo lo aprendido con tutores personales<br><\/p>\n<\/div>\n<\/div>\n\n\n\n<figure class=\"wp-block-image aligncenter size-full mt-4\"><img loading=\"lazy\" decoding=\"async\" width=\"835\" height=\"231\" src=\"https:\/\/www.somorrostro.com\/oppc\/wp-content\/uploads\/2025\/03\/estructura.png\" alt=\"\" class=\"wp-image-84\" srcset=\"https:\/\/www.somorrostro.com\/oppc\/wp-content\/uploads\/2025\/03\/estructura.png 835w, https:\/\/www.somorrostro.com\/oppc\/wp-content\/uploads\/2025\/03\/estructura-300x83.png 300w, https:\/\/www.somorrostro.com\/oppc\/wp-content\/uploads\/2025\/03\/estructura-768x212.png 768w\" sizes=\"auto, (max-width: 835px) 100vw, 835px\" \/><\/figure>\n","protected":false},"excerpt":{"rendered":"<p>OBJETIVOS FORMATIVOS Preparar futuros operadores\/as Conocimientos Saber Competencias t\u00e9cnicas Competencias de seguridad Competencias medioambientales Habilidades Saber hacer Maniobras de equipos\/proceso Procedimientos de seguridad Maniobras medioambientales sostenibles Actitudes Querer hacer Cultura y responsabilidad ESTRUCTURA FORMATIVA Seguridad y medio ambienteTermodin\u00e1micaGeneraci\u00f3n de energ\u00edaEficiencia energ\u00e9tica Conocimientos t\u00e9cnicos de equipos y aplicacionesSeguridad en plantas de proceso continuoOperaci\u00f3n de equipos e [&hellip;]<\/p>\n","protected":false},"author":1,"featured_media":0,"parent":0,"menu_order":0,"comment_status":"closed","ping_status":"closed","template":"","meta":{"_acf_changed":false,"footnotes":""},"class_list":["post-26","page","type-page","status-publish","hentry"],"acf":[],"_links":{"self":[{"href":"https:\/\/www.somorrostro.com\/oppc\/wp-json\/wp\/v2\/pages\/26","targetHints":{"allow":["GET"]}}],"collection":[{"href":"https:\/\/www.somorrostro.com\/oppc\/wp-json\/wp\/v2\/pages"}],"about":[{"href":"https:\/\/www.somorrostro.com\/oppc\/wp-json\/wp\/v2\/types\/page"}],"author":[{"embeddable":true,"href":"https:\/\/www.somorrostro.com\/oppc\/wp-json\/wp\/v2\/users\/1"}],"replies":[{"embeddable":true,"href":"https:\/\/www.somorrostro.com\/oppc\/wp-json\/wp\/v2\/comments?post=26"}],"version-history":[{"count":26,"href":"https:\/\/www.somorrostro.com\/oppc\/wp-json\/wp\/v2\/pages\/26\/revisions"}],"predecessor-version":[{"id":86,"href":"https:\/\/www.somorrostro.com\/oppc\/wp-json\/wp\/v2\/pages\/26\/revisions\/86"}],"wp:attachment":[{"href":"https:\/\/www.somorrostro.com\/oppc\/wp-json\/wp\/v2\/media?parent=26"}],"curies":[{"name":"wp","href":"https:\/\/api.w.org\/{rel}","templated":true}]}}