{"id":20,"date":"2025-03-28T11:37:25","date_gmt":"2025-03-28T10:37:25","guid":{"rendered":"https:\/\/www.somorrostro.com\/oppc\/?page_id=20"},"modified":"2026-01-19T12:52:20","modified_gmt":"2026-01-19T11:52:20","slug":"informacion-general","status":"publish","type":"page","link":"https:\/\/www.somorrostro.com\/oppc\/informacion-general\/","title":{"rendered":"Informaci\u00f3n General"},"content":{"rendered":"\n<p style=\"font-size:1.35rem\"><br><strong>La inscripci\u00f3n en esta convocatoria de 2026 del curso de Operador\/a de planta de proceso continuo estar\u00e1 abierta desde el martes 20 de enero, a las 08:00, hasta el lunes 2 de febrero de 2026, a las 14:00.<\/strong><\/p>\n\n\n\n<p style=\"font-size:1.35rem\"><strong>Petronor<\/strong>, junto con el\u00a0<strong>Centro de Formaci\u00f3n Somorrostro<\/strong>, y con la colaboraci\u00f3n de Lanbide, organiza un nuevo\u00a0<strong>curso de OPERADOR\/A DE PLANTA DE PROCESO CONTINUO con 25 plazas<\/strong>, dirigido a personas con\u00a0<strong>titulaci\u00f3n de ciclo formativo de grado superior<\/strong>, en unas\u00a0<strong>especialidades determinadas<\/strong>\u00a0(ver titulaciones admitidas en\u00a0<strong><a href=\"https:\/\/www.somorrostro.com\/oppc\/inscripcion-en-el-proceso-de-seleccion\/\" data-type=\"page\" data-id=\"23\" target=\"_blank\" rel=\"noreferrer noopener\">\u00abInscripci\u00f3n en el proceso de selecci\u00f3n\u00bb).<\/a><\/strong><\/p>\n\n\n\n<p style=\"font-size:1.35rem\"><strong>Los alumnos\/as que superen el curso<\/strong>, podr\u00e1n formar parte de la&nbsp;<strong>bolsa de empleo de operador\/a de planta industrial de Petronor en Muskiz<\/strong>. Al finalizar el programa formativo estas personas estar\u00e1n&nbsp;<strong>capacitadas<\/strong>&nbsp;para trabajar como&nbsp;<strong>operadores y operadoras en industrias de proceso continuo<\/strong>&nbsp;(refiner\u00edas, qu\u00edmicas, papeleras, nucleares, plantas de tratamiento de aguas, cementeras..), aumentando as\u00ed su empleabilidad.<\/p>\n\n\n\n<p style=\"font-size:1.35rem\">El curso tiene una duraci\u00f3n de\u00a0aproximadamente\u00a0<strong>900 horas<\/strong>, y ser\u00e1 impartido en las\u00a0<strong>instalaciones de Petronor<\/strong>, comenzando el\u00a0<strong>13 de abril <\/strong>y finalizando el\u00a0<strong>30 de noviembre de 2026<\/strong>. De junio a noviembre 2026 se realizar\u00e1n pr\u00e1cticas remuneradas mediante beca referenciada al SMI (agosto inh\u00e1bil), siendo de septiembre a noviembre pr\u00e1cticas a turnos rotativos de ma\u00f1ana, tarde y noche, incluyendo fines de semana y festivos.<\/p>\n\n\n\n<p style=\"font-size:1.45rem\"><br><strong>PROGRAMA FORMATIVO<\/strong><\/p>\n\n\n\n<p style=\"font-size:1.35rem\">El curso est\u00e1 organizado en 3 fases:<\/p>\n\n\n\n<p style=\"font-size:1.35rem\"><strong>Fase de aprendizaje en aula (base te\u00f3rica):<\/strong><\/p>\n\n\n\n<p style=\"font-size:1.35rem\">Fechas: Del 13 de abril al 27 de mayo<\/p>\n\n\n\n<p style=\"font-size:1.35rem\">Lugar: Aulas \u00e1rea 10 Petronor<\/p>\n\n\n\n<p style=\"font-size:1.35rem\">Formadores\/as: Centro de Formaci\u00f3n Somorrostro y profesionales en activo de Petronor.<\/p>\n\n\n\n<p style=\"font-size:1.35rem\">Horario: De L a J de 8:00 a 17:00 y V de 8:00 a 13:30<\/p>\n\n\n\n<p style=\"font-size:1.35rem\"><strong>Fase de pr\u00e1cticas generales<\/strong><\/p>\n\n\n\n<p style=\"font-size:1.35rem\">Fechas: Del 1 de junio al 24 de julio<\/p>\n\n\n\n<p style=\"font-size:1.35rem\">Formadores\/as: Profesionales en activo de Petronor<\/p>\n\n\n\n<p style=\"font-size:1.35rem\">Lugar: Petronor<\/p>\n\n\n\n<p style=\"font-size:1.35rem\">Horario: De L a J de 8:00 a 17:00 y V de 8:00 a 13:30<\/p>\n\n\n\n<p style=\"font-size:1.35rem\"><strong>AGOSTO INH\u00c1BIL.<\/strong><\/p>\n\n\n\n<p style=\"font-size:1.35rem\"><strong>Fase de pr\u00e1cticas espec\u00edficas a turnos<\/strong><\/p>\n\n\n\n<p style=\"font-size:1.35rem\">Fechas: Del 1 de septiembre al 30 de noviembre<\/p>\n\n\n\n<p style=\"font-size:1.35rem\">Formadores\/as: Profesionales en activo de Petronor<\/p>\n\n\n\n<p style=\"font-size:1.35rem\">Lugar: Petronor<\/p>\n\n\n\n<p style=\"font-size:1.35rem\">Horarios seg\u00fan calendario a turnos 2026 (ma\u00f1anas, tardes y noches incluyendo fines de semana y festivos).<\/p>\n\n\n\n<p style=\"font-size:1.35rem\">Se llevar\u00e1 a cabo una evaluaci\u00f3n continua (Actitud + Aprendizaje conocimientos t\u00e9cnicos te\u00f3ricos y pr\u00e1cticos).<\/p>\n\n\n\n<p style=\"font-size:1.35rem\"><\/p>\n\n\n\n<p style=\"font-size:1.35rem\">PETRONOR PROMUEVE LA IGUALDAD EN UN \u00c1REA DONDE LAS MUJERES TIENEN POCA REPRESENTACI\u00d3N, por&nbsp;este&nbsp;motivo&nbsp;queremos incentivar&nbsp;la presencia femenina en este curso.<\/p>\n\n\n\n<p style=\"font-size:1.35rem\"><strong>Ten presente que en caso de que superes con \u00e9xito el proceso de selecci\u00f3n y seas uno de los participantes en el proyecto formativo, requerir\u00e1 dedicaci\u00f3n completa siendo dif\u00edcil compatibilizarlo con cualquier actividad laboral.<\/strong><br><br><\/p>\n\n\n\n<p><\/p>\n","protected":false},"excerpt":{"rendered":"<p>La inscripci\u00f3n en esta convocatoria de 2026 del curso de Operador\/a de planta de proceso continuo estar\u00e1 abierta desde el martes 20 de enero, a las 08:00, hasta el lunes 2 de febrero de 2026, a las 14:00. Petronor, junto con el\u00a0Centro de Formaci\u00f3n Somorrostro, y con la colaboraci\u00f3n de Lanbide, organiza un nuevo\u00a0curso de [&hellip;]<\/p>\n","protected":false},"author":1,"featured_media":0,"parent":0,"menu_order":0,"comment_status":"closed","ping_status":"closed","template":"","meta":{"_acf_changed":false,"footnotes":""},"class_list":["post-20","page","type-page","status-publish","hentry"],"acf":[],"_links":{"self":[{"href":"https:\/\/www.somorrostro.com\/oppc\/wp-json\/wp\/v2\/pages\/20","targetHints":{"allow":["GET"]}}],"collection":[{"href":"https:\/\/www.somorrostro.com\/oppc\/wp-json\/wp\/v2\/pages"}],"about":[{"href":"https:\/\/www.somorrostro.com\/oppc\/wp-json\/wp\/v2\/types\/page"}],"author":[{"embeddable":true,"href":"https:\/\/www.somorrostro.com\/oppc\/wp-json\/wp\/v2\/users\/1"}],"replies":[{"embeddable":true,"href":"https:\/\/www.somorrostro.com\/oppc\/wp-json\/wp\/v2\/comments?post=20"}],"version-history":[{"count":26,"href":"https:\/\/www.somorrostro.com\/oppc\/wp-json\/wp\/v2\/pages\/20\/revisions"}],"predecessor-version":[{"id":206,"href":"https:\/\/www.somorrostro.com\/oppc\/wp-json\/wp\/v2\/pages\/20\/revisions\/206"}],"wp:attachment":[{"href":"https:\/\/www.somorrostro.com\/oppc\/wp-json\/wp\/v2\/media?parent=20"}],"curies":[{"name":"wp","href":"https:\/\/api.w.org\/{rel}","templated":true}]}}